{"id":6743,"date":"2026-04-20T10:18:43","date_gmt":"2026-04-20T10:18:43","guid":{"rendered":"https:\/\/fyabogados.com\/?page_id=6743"},"modified":"2026-04-20T11:38:25","modified_gmt":"2026-04-20T11:38:25","slug":"nulidad-de-actuaciones-por-emplazamiento-defectuoso-y-ocultacion-de-datos","status":"publish","type":"page","link":"https:\/\/fyabogados.com\/en\/directorio-casos-de-exito\/nulidad-de-actuaciones-por-emplazamiento-defectuoso-y-ocultacion-de-datos\/","title":{"rendered":"Nulidad de Actuaciones por Emplazamiento Defectuoso y Ocultaci\u00f3n de Datos"},"content":{"rendered":"<p><img decoding=\"async\" src=\"\/wp-content\/uploads\/2026\/04\/Nulidad-de-actuaciones-por-emplazamiento-defectuoso-y-ocultacion-de-datos.webp\" alt=\"Caso de \u00e9xito de Nulidad de actuaciones por emplazamiento defectuoso y ocultaci\u00f3n de datos\"><\/p>\n<h1>Nulidad de actuaciones por emplazamiento defectuoso y ocultaci\u00f3n de datos<\/h1>\n<div><span class=\"uk-link-text\"><time datetime=\"2017-11-29T07:53:30+00:00\">20 abril 2026<\/time> &nbsp;|&nbsp; FA Abogados<\/span><\/div>\n<div>\n<p class=\"uk-text-lead\">Un juzgado de Primera Instancia estim\u00f3 recientemente nuestra pretensi\u00f3n en un procedimiento ordinario sobre cuestiones contractuales. La parte actora tramit\u00f3 el emplazamiento inicial mediante edictos, provocando que nuestra representada fuera declarada formalmente en rebeld\u00eda procesal.<\/p>\n<p>El recurso a la v\u00eda edictal gener\u00f3 una indefensi\u00f3n absoluta. La normativa procesal y la jurisprudencia constitucional exigen el agotamiento de todas las v\u00edas de comunicaci\u00f3n personal antes de utilizar la publicaci\u00f3n en boletines o tablones de anuncios.<\/p>\n<h3>Estrategia de defensa: Acreditaci\u00f3n de la negligencia y ocultaci\u00f3n<\/h3>\n<p>Nuestra acci\u00f3n procesal consisti\u00f3 en promover un incidente de nulidad de actuaciones. Fundamentamos la pretensi\u00f3n en la infracci\u00f3n del art\u00edculo 225 de la Ley de Enjuiciamiento Civil y la vulneraci\u00f3n del derecho a la tutela judicial efectiva sin indefensi\u00f3n. Demostramos documentalmente que la parte actora conoc\u00eda v\u00edas reales de localizaci\u00f3n y opt\u00f3 por silenciarlas.<\/p>\n<p>En FA Abogados somos especialistas en Derecho inmobiliario y estaremos encantados de ayudarte en casos como el descrito, bien desde el principio, redactando el contrato de arrendamiento con opci\u00f3n a compra con todas las garant\u00edas, bien en la resoluci\u00f3n de la controversia una vez acaecido el problema.<\/p>\n<p>Acreditamos ante el tribunal dos omisiones graves por parte del demandante:<\/p>\n<ul>\n<li>\n<p>La existencia de un litigio previo y reciente entre las mismas partes en otro juzgado de la misma localidad.<\/p>\n<\/li>\n<li>La presencia de una mandataria en Espa\u00f1a, designada por nuestra clienta desde el momento de la celebraci\u00f3n del contrato litigioso.<\/li>\n<\/ul>\n<p>El demandante incumpli\u00f3 su carga procesal de facilitar cuantos datos conociera para posibilitar el emplazamiento efectivo.<\/p>\n<h2>Retroacci\u00f3n y restauraci\u00f3n del Derecho de Defensa<\/h2>\n<p>El juzgado aval\u00f3 nuestra argumentaci\u00f3n jur\u00eddica. El auto dictado ordena la nulidad parcial de los autos, declarando ineficaz el emplazamiento edictal y revocando el estado de rebeld\u00eda.<\/p>\n<p>Las actuaciones se retrotraen al momento procesal inmediatamente anterior a la declaraci\u00f3n de rebeld\u00eda. El juzgado ordena practicar un nuevo y correcto emplazamiento a trav\u00e9s de nuestra representaci\u00f3n procesal, devolviendo a nuestra clienta su capacidad \u00edntegra para contestar la demanda, aportar pruebas y ejercer una defensa material en igualdad de armas.<\/p>\n<\/div>\n<h2>Nuestro experto<\/h2>\n<p><a href=\"\/antonio-fernandez-abogado\/\"><img decoding=\"async\" src=\"\/wp-content\/uploads\/2025\/05\/Antonio.webp\" alt=\"Antonio abogado\"><\/a><\/p>\n<div>Antonio Fernandez<\/div>\n<div>Abogado<\/div>\n<h2>Apuntate a nuestra newsletter<\/h2>\n<p><!--more--><br \/>\n<!-- {\"type\":\"layout\",\"children\":[{\"type\":\"section\",\"props\":{\"image_position\":\"center-center\",\"style\":\"default\",\"title_breakpoint\":\"xl\",\"title_position\":\"top-left\",\"title_rotation\":\"left\",\"vertical_align\":\"\",\"width\":\"large\"},\"children\":[{\"type\":\"row\",\"props\":{\"column_gap\":\"large\",\"layout\":\"2-3,1-3\",\"row_gap\":\"large\"},\"children\":[{\"type\":\"column\",\"props\":{\"html_element\":\"article\",\"image_position\":\"center-center\",\"position_sticky_breakpoint\":\"m\",\"width_medium\":\"2-3\"},\"children\":[{\"type\":\"image\",\"props\":{\"image\":\"wp-content\/uploads\/2026\/04\/Nulidad-de-actuaciones-por-emplazamiento-defectuoso-y-ocultacion-de-datos.webp\",\"image_alt\":\"Caso de \u00e9xito de Nulidad de actuaciones por emplazamiento defectuoso y ocultaci\u00f3n de datos\",\"image_border\":\"rounded\",\"image_loading\":true,\"image_svg_color\":\"emphasis\",\"image_width\":\"920\",\"margin_bottom\":\"default\",\"margin_top\":\"default\"}},{\"type\":\"headline\",\"props\":{\"content\":\"Nulidad de actuaciones por emplazamiento defectuoso y ocultaci\u00f3n de datos\",\"image_align\":\"left\",\"image_margin\":\"xsmall\",\"title_element\":\"h1\"}},{\"type\":\"text\",\"props\":{\"column_breakpoint\":\"m\",\"content\":\"<span class=\\\"uk-link-text\\\"><time datetime=\\\"2017-11-29T07:53:30+00:00\\\">20 abril 2026<\/time> &nbsp;|&nbsp; FA Abogados<\/span>\",\"margin_bottom\":\"default\",\"margin_top\":\"default\",\"text_color\":\"emphasis\",\"text_style\":\"meta\"}},{\"type\":\"text\",\"props\":{\"column_breakpoint\":\"m\",\"content\":\"\n\n<p class=\\\"uk-text-lead\\\">Un juzgado de Primera Instancia estim\u00f3 recientemente nuestra pretensi\u00f3n en un procedimiento ordinario sobre cuestiones contractuales. La parte actora tramit\u00f3 el emplazamiento inicial mediante edictos, provocando que nuestra representada fuera declarada formalmente en rebeld\u00eda procesal.<\/p>\n\n\\n\n\n<p>El recurso a la v\u00eda edictal gener\u00f3 una indefensi\u00f3n absoluta. La normativa procesal y la jurisprudencia constitucional exigen el agotamiento de todas las v\u00edas de comunicaci\u00f3n personal antes de utilizar la publicaci\u00f3n en boletines o tablones de anuncios.<\/p>\n\n\\n\n\n<h3>Estrategia de defensa: Acreditaci\u00f3n de la negligencia y ocultaci\u00f3n<\/h3>\n\n\\n\n\n<p>Nuestra acci\u00f3n procesal consisti\u00f3 en promover un incidente de nulidad de actuaciones. Fundamentamos la pretensi\u00f3n en la infracci\u00f3n del art\u00edculo 225 de la Ley de Enjuiciamiento Civil y la vulneraci\u00f3n del derecho a la tutela judicial efectiva sin indefensi\u00f3n. Demostramos documentalmente que la parte actora conoc\u00eda v\u00edas reales de localizaci\u00f3n y opt\u00f3 por silenciarlas.<\/p>\n\n\\n\n\n<p>En FA Abogados somos especialistas en Derecho inmobiliario y estaremos encantados de ayudarte en casos como el descrito, bien desde el principio, redactando el contrato de arrendamiento con opci\u00f3n a compra con todas las garant\u00edas, bien en la resoluci\u00f3n de la controversia una vez acaecido el problema.<\/p>\n\n\\n\n\n<p>Acreditamos ante el tribunal dos omisiones graves por parte del demandante:<\/p>\n\n\\n\n\n<ul>\\n\n\n<li>\\n\n\n<p>La existencia de un litigio previo y reciente entre las mismas partes en otro juzgado de la misma localidad.<\/p>\n\n\\n<\/li>\n\n\\n\n\n<li>La presencia de una mandataria en Espa\u00f1a, designada por nuestra clienta desde el momento de la celebraci\u00f3n del contrato litigioso.<\/li>\n\n\\n<\/ul>\n\n\\n\n\n<p>El demandante incumpli\u00f3 su carga procesal de facilitar cuantos datos conociera para posibilitar el emplazamiento efectivo.<\/p>\n\n\\n\n\n<h2>Retroacci\u00f3n y restauraci\u00f3n del Derecho de Defensa<\/h2>\n\n\\n\n\n<p>El juzgado aval\u00f3 nuestra argumentaci\u00f3n jur\u00eddica. El auto dictado ordena la nulidad parcial de los autos, declarando ineficaz el emplazamiento edictal y revocando el estado de rebeld\u00eda.<\/p>\n\n\\n\n\n<p>Las actuaciones se retrotraen al momento procesal inmediatamente anterior a la declaraci\u00f3n de rebeld\u00eda. El juzgado ordena practicar un nuevo y correcto emplazamiento a trav\u00e9s de nuestra representaci\u00f3n procesal, devolviendo a nuestra clienta su capacidad \u00edntegra para contestar la demanda, aportar pruebas y ejercer una defensa material en igualdad de armas.<\/p>\n\n\",\"margin_bottom\":\"medium\",\"margin_top\":\"medium\",\"text_color\":\"emphasis\"}},{\"type\":\"pagination\",\"props\":{\"margin_bottom\":\"remove\",\"margin_top\":\"large\",\"pagination_space_between\":true,\"pagination_type\":\"previous\/next\",\"text_align\":\"center\"}}]},{\"type\":\"column\",\"props\":{\"html_element\":\"aside\",\"image_position\":\"center-center\",\"position_sticky_breakpoint\":\"m\",\"width_medium\":\"1-3\"},\"children\":[{\"type\":\"headline\",\"props\":{\"content\":\"Nuestro experto\",\"image_align\":\"left\",\"image_margin\":\"xsmall\",\"text_align\":\"left\",\"text_align_breakpoint\":\"m\",\"text_align_fallback\":\"center\",\"title_decoration\":\"line\",\"title_element\":\"h2\",\"title_style\":\"h3\"}},{\"type\":\"image\",\"props\":{\"image\":\"wp-content\/uploads\/2025\/05\/Antonio.webp\",\"image_alt\":\"Antonio abogado\",\"image_border\":\"rounded\",\"image_box_decoration\":\"mask\",\"image_box_shadow\":\"small\",\"image_loading\":true,\"image_svg_color\":\"emphasis\",\"image_width\":\"430\",\"link\":\"antonio-fernandez-abogado\/\",\"link_aria_label\":\"Antonio abogado\",\"margin_bottom\":\"default\",\"margin_top\":\"default\",\"text_align\":\"left\",\"text_align_breakpoint\":\"m\",\"text_align_fallback\":\"center\"}},{\"type\":\"headline\",\"props\":{\"content\":\"Antonio Fernandez\",\"image_align\":\"left\",\"image_margin\":\"xsmall\",\"margin_bottom\":\"remove\",\"text_align\":\"left\",\"text_align_breakpoint\":\"m\",\"text_align_fallback\":\"center\",\"title_element\":\"div\",\"title_style\":\"h4\"}},{\"type\":\"text\",\"props\":{\"column_breakpoint\":\"m\",\"content\":\"Abogado\",\"margin_bottom\":\"small\",\"margin_top\":\"small\",\"text_align\":\"left\",\"text_align_breakpoint\":\"m\",\"text_align_fallback\":\"center\",\"text_style\":\"meta\"}},{\"type\":\"headline\",\"props\":{\"content\":\"Casos similares\",\"image_align\":\"left\",\"image_margin\":\"xsmall\",\"margin_bottom\":\"remove\",\"margin_top\":\"large\",\"status\":\"disabled\",\"text_align\":\"left\",\"text_align_breakpoint\":\"m\",\"text_align_fallback\":\"center\",\"title_decoration\":\"line\",\"title_element\":\"h2\",\"title_style\":\"h3\"}},{\"type\":\"grid\",\"props\":{\"content_column_breakpoint\":\"m\",\"filter_align\":\"left\",\"filter_all\":true,\"filter_grid_breakpoint\":\"m\",\"filter_grid_width\":\"auto\",\"filter_position\":\"top\",\"filter_style\":\"tab\",\"grid_default\":\"1\",\"grid_divider\":true,\"grid_medium\":\"1\",\"grid_row_gap\":\"medium\",\"grid_small\":\"2\",\"image_align\":\"left\",\"image_grid_breakpoint\":\"\",\"image_grid_column_gap\":\"medium\",\"image_grid_width\":\"auto\",\"image_height\":\"90\",\"image_link\":true,\"image_svg_color\":\"emphasis\",\"image_vertical_align\":true,\"image_width\":\"140\",\"item_animation\":true,\"lightbox_bg_close\":true,\"link_style\":\"default\",\"link_text\":\"\",\"margin_bottom\":\"medium\",\"margin_top\":\"medium\",\"meta_align\":\"below-title\",\"meta_element\":\"div\",\"meta_margin\":\"small\",\"meta_style\":\"text-meta\",\"parallax_easing\":\"1\",\"show_content\":true,\"show_hover_image\":true,\"show_hover_video\":true,\"show_image\":true,\"show_link\":true,\"show_meta\":true,\"show_title\":true,\"show_video\":true,\"status\":\"disabled\",\"title_align\":\"top\",\"title_element\":\"h3\",\"title_grid_breakpoint\":\"m\",\"title_grid_width\":\"1-2\",\"title_hover_style\":\"reset\",\"title_link\":true,\"title_style\":\"h5\"},\"children\":[{\"type\":\"grid_item\",\"props\":{\"image\":\"wp-content\/uploads\/2025\/05\/Despacho-de-abogados-Malaga.webp\",\"image_alt\":\"m\u00e1s casos de LA Abogados\",\"item_element\":\"article\",\"link\":\"#\",\"meta\":\"<time datetime=\\\"2025-11-26T17:53:30+00:00\\\">05 mayo 2025<\/time>\",\"tags\":\"casos, LA Abogados\",\"title\":\"Divisi\u00f3n de cosa com\u00fan y reclamaci\u00f3n de cantidad\"}}]},{\"type\":\"headline\",\"props\":{\"content\":\"Apuntate a nuestra newsletter\",\"image_align\":\"left\",\"image_margin\":\"xsmall\",\"margin_bottom\":\"remove\",\"margin_top\":\"large\",\"text_align\":\"left\",\"text_align_breakpoint\":\"m\",\"text_align_fallback\":\"center\",\"title_decoration\":\"line\",\"title_element\":\"h2\",\"title_style\":\"h4\"}},{\"type\":\"newsletter\",\"props\":{\"block_align\":\"center\",\"button_icon\":\"mail\",\"button_mode\":\"icon\",\"button_style\":\"default\",\"cmonitor\":{\"client_id\":\"\",\"list_id\":\"\"},\"label_button\":\"Subscribe\",\"label_email\":\"Email address\",\"label_first_name\":\"First name\",\"label_last_name\":\"Last name\",\"layout\":\"stacked\",\"mailchimp\":{\"client_id\":\"\",\"list_id\":\"\",\"double_optin\":true},\"margin_bottom\":\"default\",\"margin_top\":\"default\",\"maxwidth\":\"large\",\"provider\":{\"name\":\"mailchimp\",\"after_submit\":\"message\",\"message\":\"Te has suscrito exitosamente.\",\"redirect\":\"\"},\"show_name\":false}}]}]}],\"name\":\"Post\"}],\"version\":\"5.0.24\"} --><\/p>\n","protected":false},"excerpt":{"rendered":"<p>Nulidad de actuaciones por emplazamiento defectuoso y ocultaci\u00f3n de datos 20 abril 2026 &nbsp;|&nbsp; FA Abogados Un juzgado de Primera Instancia estim\u00f3 recientemente nuestra pretensi\u00f3n en un procedimiento ordinario sobre cuestiones contractuales. La parte actora tramit\u00f3 el emplazamiento inicial mediante edictos, provocando que nuestra representada fuera declarada formalmente en rebeld\u00eda procesal. El recurso a la [&hellip;]<\/p>\n","protected":false},"author":1,"featured_media":6754,"parent":2323,"menu_order":0,"comment_status":"closed","ping_status":"closed","template":"","meta":{"_acf_changed":false,"footnotes":""},"class_list":["post-6743","page","type-page","status-publish","has-post-thumbnail","hentry"],"acf":[],"yoast_head":"<!-- This site is optimized with the Yoast SEO plugin v27.5 - https:\/\/yoast.com\/product\/yoast-seo-wordpress\/ -->\n<title>Nulidad de Actuaciones por Emplazamiento Defectuoso y Ocultaci\u00f3n de Datos - FA Abogados<\/title>\n<meta name=\"description\" content=\"C\u00f3mo anulamos un procedimiento civil en Torremolinos tras demostrar que el demandante ocult\u00f3 datos para forzar la rebeld\u00eda procesal.\" \/>\n<meta name=\"robots\" content=\"index, follow, max-snippet:-1, max-image-preview:large, max-video-preview:-1\" \/>\n<link rel=\"canonical\" href=\"https:\/\/fyabogados.com\/en\/directorio-casos-de-exito\/nulidad-de-actuaciones-por-emplazamiento-defectuoso-y-ocultacion-de-datos\/\" \/>\n<meta property=\"og:locale\" content=\"en_GB\" \/>\n<meta property=\"og:type\" content=\"article\" \/>\n<meta property=\"og:title\" content=\"Nulidad de Actuaciones por Emplazamiento Defectuoso y Ocultaci\u00f3n de Datos - FA Abogados\" \/>\n<meta property=\"og:description\" content=\"C\u00f3mo anulamos un procedimiento civil en Torremolinos tras demostrar que el demandante ocult\u00f3 datos para forzar la rebeld\u00eda procesal.\" \/>\n<meta property=\"og:url\" content=\"https:\/\/fyabogados.com\/en\/directorio-casos-de-exito\/nulidad-de-actuaciones-por-emplazamiento-defectuoso-y-ocultacion-de-datos\/\" \/>\n<meta property=\"og:site_name\" content=\"FA Abogados\" \/>\n<meta property=\"article:modified_time\" content=\"2026-04-20T11:38:25+00:00\" \/>\n<meta property=\"og:image\" content=\"https:\/\/fyabogados.com\/wp-content\/uploads\/2026\/04\/Nulidad-de-actuaciones-por-emplazamiento-defectuoso-y-ocultacion-de-datos.webp\" \/>\n\t<meta property=\"og:image:width\" content=\"966\" \/>\n\t<meta property=\"og:image:height\" content=\"559\" \/>\n\t<meta property=\"og:image:type\" content=\"image\/webp\" \/>\n<meta name=\"twitter:card\" content=\"summary_large_image\" \/>\n<meta name=\"twitter:label1\" content=\"Estimated reading time\" \/>\n\t<meta name=\"twitter:data1\" content=\"3 minutes\" \/>\n<script type=\"application\/ld+json\" class=\"yoast-schema-graph\">{\"@context\":\"https:\\\/\\\/schema.org\",\"@graph\":[{\"@type\":\"WebPage\",\"@id\":\"https:\\\/\\\/fyabogados.com\\\/directorio-casos-de-exito\\\/nulidad-de-actuaciones-por-emplazamiento-defectuoso-y-ocultacion-de-datos\\\/\",\"url\":\"https:\\\/\\\/fyabogados.com\\\/directorio-casos-de-exito\\\/nulidad-de-actuaciones-por-emplazamiento-defectuoso-y-ocultacion-de-datos\\\/\",\"name\":\"Nulidad de Actuaciones por Emplazamiento Defectuoso y Ocultaci\u00f3n de Datos - FA Abogados\",\"isPartOf\":{\"@id\":\"https:\\\/\\\/fyabogados.com\\\/#website\"},\"primaryImageOfPage\":{\"@id\":\"https:\\\/\\\/fyabogados.com\\\/directorio-casos-de-exito\\\/nulidad-de-actuaciones-por-emplazamiento-defectuoso-y-ocultacion-de-datos\\\/#primaryimage\"},\"image\":{\"@id\":\"https:\\\/\\\/fyabogados.com\\\/directorio-casos-de-exito\\\/nulidad-de-actuaciones-por-emplazamiento-defectuoso-y-ocultacion-de-datos\\\/#primaryimage\"},\"thumbnailUrl\":\"https:\\\/\\\/fyabogados.com\\\/wp-content\\\/uploads\\\/2026\\\/04\\\/Nulidad-de-actuaciones-por-emplazamiento-defectuoso-y-ocultacion-de-datos.webp\",\"datePublished\":\"2026-04-20T10:18:43+00:00\",\"dateModified\":\"2026-04-20T11:38:25+00:00\",\"description\":\"C\u00f3mo anulamos un procedimiento civil en Torremolinos tras demostrar que el demandante ocult\u00f3 datos para forzar la rebeld\u00eda procesal.\",\"breadcrumb\":{\"@id\":\"https:\\\/\\\/fyabogados.com\\\/directorio-casos-de-exito\\\/nulidad-de-actuaciones-por-emplazamiento-defectuoso-y-ocultacion-de-datos\\\/#breadcrumb\"},\"inLanguage\":\"en-GB\",\"potentialAction\":[{\"@type\":\"ReadAction\",\"target\":[\"https:\\\/\\\/fyabogados.com\\\/directorio-casos-de-exito\\\/nulidad-de-actuaciones-por-emplazamiento-defectuoso-y-ocultacion-de-datos\\\/\"]}]},{\"@type\":\"ImageObject\",\"inLanguage\":\"en-GB\",\"@id\":\"https:\\\/\\\/fyabogados.com\\\/directorio-casos-de-exito\\\/nulidad-de-actuaciones-por-emplazamiento-defectuoso-y-ocultacion-de-datos\\\/#primaryimage\",\"url\":\"https:\\\/\\\/fyabogados.com\\\/wp-content\\\/uploads\\\/2026\\\/04\\\/Nulidad-de-actuaciones-por-emplazamiento-defectuoso-y-ocultacion-de-datos.webp\",\"contentUrl\":\"https:\\\/\\\/fyabogados.com\\\/wp-content\\\/uploads\\\/2026\\\/04\\\/Nulidad-de-actuaciones-por-emplazamiento-defectuoso-y-ocultacion-de-datos.webp\",\"width\":966,\"height\":559,\"caption\":\"Caso de \u00e9xito de Nulidad de actuaciones por emplazamiento defectuoso y ocultaci\u00f3n de datos\"},{\"@type\":\"BreadcrumbList\",\"@id\":\"https:\\\/\\\/fyabogados.com\\\/directorio-casos-de-exito\\\/nulidad-de-actuaciones-por-emplazamiento-defectuoso-y-ocultacion-de-datos\\\/#breadcrumb\",\"itemListElement\":[{\"@type\":\"ListItem\",\"position\":1,\"name\":\"Home\",\"item\":\"https:\\\/\\\/fyabogados.com\\\/\"},{\"@type\":\"ListItem\",\"position\":2,\"name\":\"Directorio casos de \u00e9xito\",\"item\":\"https:\\\/\\\/fyabogados.com\\\/directorio-casos-de-exito\\\/\"},{\"@type\":\"ListItem\",\"position\":3,\"name\":\"Nulidad de Actuaciones por Emplazamiento Defectuoso y Ocultaci\u00f3n de Datos\"}]},{\"@type\":\"WebSite\",\"@id\":\"https:\\\/\\\/fyabogados.com\\\/#website\",\"url\":\"https:\\\/\\\/fyabogados.com\\\/\",\"name\":\"FA Abogados\",\"description\":\"Los mejores abogados de Marbella\",\"publisher\":{\"@id\":\"https:\\\/\\\/fyabogados.com\\\/#organization\"},\"potentialAction\":[{\"@type\":\"SearchAction\",\"target\":{\"@type\":\"EntryPoint\",\"urlTemplate\":\"https:\\\/\\\/fyabogados.com\\\/?s={search_term_string}\"},\"query-input\":{\"@type\":\"PropertyValueSpecification\",\"valueRequired\":true,\"valueName\":\"search_term_string\"}}],\"inLanguage\":\"en-GB\"},{\"@type\":\"Organization\",\"@id\":\"https:\\\/\\\/fyabogados.com\\\/#organization\",\"name\":\"FA Abogados\",\"url\":\"https:\\\/\\\/fyabogados.com\\\/\",\"logo\":{\"@type\":\"ImageObject\",\"inLanguage\":\"en-GB\",\"@id\":\"https:\\\/\\\/fyabogados.com\\\/#\\\/schema\\\/logo\\\/image\\\/\",\"url\":\"https:\\\/\\\/fyabogados.com\\\/wp-content\\\/uploads\\\/2025\\\/05\\\/fa-abogados-95px.png\",\"contentUrl\":\"https:\\\/\\\/fyabogados.com\\\/wp-content\\\/uploads\\\/2025\\\/05\\\/fa-abogados-95px.png\",\"width\":95,\"height\":95,\"caption\":\"FA Abogados\"},\"image\":{\"@id\":\"https:\\\/\\\/fyabogados.com\\\/#\\\/schema\\\/logo\\\/image\\\/\"}}]}<\/script>\n<!-- \/ Yoast SEO plugin. -->","yoast_head_json":{"title":"Nulidad de Actuaciones por Emplazamiento Defectuoso y Ocultaci\u00f3n de Datos - FA Abogados","description":"C\u00f3mo anulamos un procedimiento civil en Torremolinos tras demostrar que el demandante ocult\u00f3 datos para forzar la rebeld\u00eda procesal.","robots":{"index":"index","follow":"follow","max-snippet":"max-snippet:-1","max-image-preview":"max-image-preview:large","max-video-preview":"max-video-preview:-1"},"canonical":"https:\/\/fyabogados.com\/en\/directorio-casos-de-exito\/nulidad-de-actuaciones-por-emplazamiento-defectuoso-y-ocultacion-de-datos\/","og_locale":"en_GB","og_type":"article","og_title":"Nulidad de Actuaciones por Emplazamiento Defectuoso y Ocultaci\u00f3n de Datos - FA Abogados","og_description":"C\u00f3mo anulamos un procedimiento civil en Torremolinos tras demostrar que el demandante ocult\u00f3 datos para forzar la rebeld\u00eda procesal.","og_url":"https:\/\/fyabogados.com\/en\/directorio-casos-de-exito\/nulidad-de-actuaciones-por-emplazamiento-defectuoso-y-ocultacion-de-datos\/","og_site_name":"FA Abogados","article_modified_time":"2026-04-20T11:38:25+00:00","og_image":[{"width":966,"height":559,"url":"https:\/\/fyabogados.com\/wp-content\/uploads\/2026\/04\/Nulidad-de-actuaciones-por-emplazamiento-defectuoso-y-ocultacion-de-datos.webp","type":"image\/webp"}],"twitter_card":"summary_large_image","twitter_misc":{"Estimated reading time":"3 minutes"},"schema":{"@context":"https:\/\/schema.org","@graph":[{"@type":"WebPage","@id":"https:\/\/fyabogados.com\/directorio-casos-de-exito\/nulidad-de-actuaciones-por-emplazamiento-defectuoso-y-ocultacion-de-datos\/","url":"https:\/\/fyabogados.com\/directorio-casos-de-exito\/nulidad-de-actuaciones-por-emplazamiento-defectuoso-y-ocultacion-de-datos\/","name":"Nulidad de Actuaciones por Emplazamiento Defectuoso y Ocultaci\u00f3n de Datos - FA Abogados","isPartOf":{"@id":"https:\/\/fyabogados.com\/#website"},"primaryImageOfPage":{"@id":"https:\/\/fyabogados.com\/directorio-casos-de-exito\/nulidad-de-actuaciones-por-emplazamiento-defectuoso-y-ocultacion-de-datos\/#primaryimage"},"image":{"@id":"https:\/\/fyabogados.com\/directorio-casos-de-exito\/nulidad-de-actuaciones-por-emplazamiento-defectuoso-y-ocultacion-de-datos\/#primaryimage"},"thumbnailUrl":"https:\/\/fyabogados.com\/wp-content\/uploads\/2026\/04\/Nulidad-de-actuaciones-por-emplazamiento-defectuoso-y-ocultacion-de-datos.webp","datePublished":"2026-04-20T10:18:43+00:00","dateModified":"2026-04-20T11:38:25+00:00","description":"C\u00f3mo anulamos un procedimiento civil en Torremolinos tras demostrar que el demandante ocult\u00f3 datos para forzar la rebeld\u00eda procesal.","breadcrumb":{"@id":"https:\/\/fyabogados.com\/directorio-casos-de-exito\/nulidad-de-actuaciones-por-emplazamiento-defectuoso-y-ocultacion-de-datos\/#breadcrumb"},"inLanguage":"en-GB","potentialAction":[{"@type":"ReadAction","target":["https:\/\/fyabogados.com\/directorio-casos-de-exito\/nulidad-de-actuaciones-por-emplazamiento-defectuoso-y-ocultacion-de-datos\/"]}]},{"@type":"ImageObject","inLanguage":"en-GB","@id":"https:\/\/fyabogados.com\/directorio-casos-de-exito\/nulidad-de-actuaciones-por-emplazamiento-defectuoso-y-ocultacion-de-datos\/#primaryimage","url":"https:\/\/fyabogados.com\/wp-content\/uploads\/2026\/04\/Nulidad-de-actuaciones-por-emplazamiento-defectuoso-y-ocultacion-de-datos.webp","contentUrl":"https:\/\/fyabogados.com\/wp-content\/uploads\/2026\/04\/Nulidad-de-actuaciones-por-emplazamiento-defectuoso-y-ocultacion-de-datos.webp","width":966,"height":559,"caption":"Caso de \u00e9xito de Nulidad de actuaciones por emplazamiento defectuoso y ocultaci\u00f3n de datos"},{"@type":"BreadcrumbList","@id":"https:\/\/fyabogados.com\/directorio-casos-de-exito\/nulidad-de-actuaciones-por-emplazamiento-defectuoso-y-ocultacion-de-datos\/#breadcrumb","itemListElement":[{"@type":"ListItem","position":1,"name":"Home","item":"https:\/\/fyabogados.com\/"},{"@type":"ListItem","position":2,"name":"Directorio casos de \u00e9xito","item":"https:\/\/fyabogados.com\/directorio-casos-de-exito\/"},{"@type":"ListItem","position":3,"name":"Nulidad de Actuaciones por Emplazamiento Defectuoso y Ocultaci\u00f3n de Datos"}]},{"@type":"WebSite","@id":"https:\/\/fyabogados.com\/#website","url":"https:\/\/fyabogados.com\/","name":"FA Lawyers","description":"Los mejores abogados de Marbella","publisher":{"@id":"https:\/\/fyabogados.com\/#organization"},"potentialAction":[{"@type":"SearchAction","target":{"@type":"EntryPoint","urlTemplate":"https:\/\/fyabogados.com\/?s={search_term_string}"},"query-input":{"@type":"PropertyValueSpecification","valueRequired":true,"valueName":"search_term_string"}}],"inLanguage":"en-GB"},{"@type":"Organization","@id":"https:\/\/fyabogados.com\/#organization","name":"FA Lawyers","url":"https:\/\/fyabogados.com\/","logo":{"@type":"ImageObject","inLanguage":"en-GB","@id":"https:\/\/fyabogados.com\/#\/schema\/logo\/image\/","url":"https:\/\/fyabogados.com\/wp-content\/uploads\/2025\/05\/fa-abogados-95px.png","contentUrl":"https:\/\/fyabogados.com\/wp-content\/uploads\/2025\/05\/fa-abogados-95px.png","width":95,"height":95,"caption":"FA Abogados"},"image":{"@id":"https:\/\/fyabogados.com\/#\/schema\/logo\/image\/"}}]}},"_links":{"self":[{"href":"https:\/\/fyabogados.com\/en\/wp-json\/wp\/v2\/pages\/6743","targetHints":{"allow":["GET"]}}],"collection":[{"href":"https:\/\/fyabogados.com\/en\/wp-json\/wp\/v2\/pages"}],"about":[{"href":"https:\/\/fyabogados.com\/en\/wp-json\/wp\/v2\/types\/page"}],"author":[{"embeddable":true,"href":"https:\/\/fyabogados.com\/en\/wp-json\/wp\/v2\/users\/1"}],"replies":[{"embeddable":true,"href":"https:\/\/fyabogados.com\/en\/wp-json\/wp\/v2\/comments?post=6743"}],"version-history":[{"count":12,"href":"https:\/\/fyabogados.com\/en\/wp-json\/wp\/v2\/pages\/6743\/revisions"}],"predecessor-version":[{"id":6756,"href":"https:\/\/fyabogados.com\/en\/wp-json\/wp\/v2\/pages\/6743\/revisions\/6756"}],"up":[{"embeddable":true,"href":"https:\/\/fyabogados.com\/en\/wp-json\/wp\/v2\/pages\/2323"}],"wp:featuredmedia":[{"embeddable":true,"href":"https:\/\/fyabogados.com\/en\/wp-json\/wp\/v2\/media\/6754"}],"wp:attachment":[{"href":"https:\/\/fyabogados.com\/en\/wp-json\/wp\/v2\/media?parent=6743"}],"curies":[{"name":"wp","href":"https:\/\/api.w.org\/{rel}","templated":true}]}}