{"id":2219,"date":"2025-05-01T08:56:20","date_gmt":"2025-05-01T08:56:20","guid":{"rendered":"https:\/\/fyabogados.com\/?page_id=2219"},"modified":"2025-05-01T08:58:16","modified_gmt":"2025-05-01T08:58:16","slug":"politica-de-proteccion-de-datos","status":"publish","type":"page","link":"https:\/\/fyabogados.com\/en\/politica-de-proteccion-de-datos\/","title":{"rendered":"Pol\u00edtica de Protecci\u00f3n de Datos"},"content":{"rendered":"<h1>Pol\u00edtica de Privacidad &#8211; Protecci\u00f3n de Datos<\/h1>\n<div>\n<p>En esta Web, propiedad de <strong>FA Abogados (ANTONIO JESUS FERNANDEZ ALVAREZ)<\/strong>, aseguramos la total protecci\u00f3n de los datos de car\u00e1cter personal proporcionados por nuestros usuarios.<\/p>\n<p>De conformidad con lo dispuesto en el <strong>Reglamento 2016\/679 del Parlamento Europeo y del Consejo de 27 de abril de 2016<\/strong>, de Protecci\u00f3n de Datos de Car\u00e1cter Personal y la <strong>LOPD<\/strong>, le informamos que los datos personales facilitados a trav\u00e9s de los formularios de esta Web o mediante mensajes de correo electr\u00f3nico podr\u00e1n ser incorporados en nuestros ficheros, en concreto los denominados <em>\u00abClientes y\/o Proveedores\u00bb<\/em> y <em>\u201cN\u00f3minas \u2013 Recursos Humanos\u201d<\/em>, y ser\u00e1n tratados de manera automatizada.<\/p>\n<p>Mediante el env\u00edo de los formularios existentes en esta Web, el remitente da su consentimiento para ser incluido en los mencionados ficheros.<\/p>\n<p>As\u00ed mismo, le comunicamos que desde esta Web se podr\u00e1n recoger direcciones IP de los usuarios, las cuales ser\u00e1n igualmente tratadas de acuerdo a la normativa vigente.<\/p>\n<p>Las finalidades de estos ficheros son: <strong>Gesti\u00f3n de Clientes, Contable, Fiscal y Administrativa<\/strong> y <strong>Gesti\u00f3n del departamento de Recursos Humanos<\/strong>. Todos los ficheros han sido debidamente registrados en la Agencia Espa\u00f1ola de Protecci\u00f3n de Datos.<\/p>\n<p>Sus datos podr\u00e1n ser cedidos, siempre protegiendo los datos adecuadamente, a:<\/p>\n<ul>\n<li>Organizaciones o Personas Directamente Relacionadas con el Responsable<\/li>\n<li>Administraci\u00f3n Tributaria<\/li>\n<li>Bancos, Cajas de Ahorros y Cajas Rurales<\/li>\n<\/ul>\n<p>Los datos proporcionados se conservar\u00e1n mientras se mantenga la relaci\u00f3n comercial o durante los a\u00f1os necesarios para cumplir con las obligaciones legales.<\/p>\n<p><strong>FA Abogados<\/strong> respetar\u00e1 en todo momento la confidencialidad de sus datos, conforme al <strong>Reglamento 2016\/679<\/strong> y la <strong>LOPD<\/strong>.<\/p>\n<p>En cualquier momento puede usted ejercer sus derechos de <strong>oposici\u00f3n, acceso, rectificaci\u00f3n, cancelaci\u00f3n<\/strong> y <strong>oposici\u00f3n<\/strong> de su autorizaci\u00f3n sin efectos retroactivos en los t\u00e9rminos especificados en el Reglamento 2016\/679 y la LOPD, conforme al procedimiento legalmente establecido.<\/p>\n<p>Estos derechos podr\u00e1n ser ejercidos dirigi\u00e9ndose por correo electr\u00f3nico a <a href=\"mailto:moc.sodagoba-af@ofni\">moc.sodagoba-af@ofni<\/a> o llamando al <strong>633 35 72 07<\/strong>.<\/p>\n<\/div>\n<hr>\n<p><!--more--><br \/>\n<!-- {\"type\":\"layout\",\"children\":[{\"name\":\"Terms\",\"type\":\"section\",\"props\":{\"image_position\":\"center-center\",\"style\":\"default\",\"title_breakpoint\":\"xl\",\"title_position\":\"top-left\",\"title_rotation\":\"left\",\"vertical_align\":\"\",\"width\":\"small\"},\"children\":[{\"type\":\"row\",\"children\":[{\"type\":\"column\",\"props\":{\"image_position\":\"center-center\",\"position_sticky_breakpoint\":\"m\",\"width_medium\":\"1-1\"},\"children\":[{\"type\":\"headline\",\"props\":{\"content\":\"Pol\\u00edtica de Privacidad - Protecci\\u00f3n de Datos\",\"margin_remove_bottom\":true,\"margin_remove_top\":false,\"title_decoration\":\"bullet\",\"title_element\":\"h1\"}}]}]},{\"type\":\"row\",\"children\":[{\"type\":\"column\",\"props\":{\"image_position\":\"center-center\",\"position_sticky_breakpoint\":\"m\"},\"children\":[{\"type\":\"text\",\"props\":{\"column_breakpoint\":\"m\",\"content\":\"\n\n<p>En esta Web, propiedad de <strong>FA Abogados (ANTONIO JESUS FERNANDEZ ALVAREZ)<\\\/strong>, aseguramos la total protecci\\u00f3n de los datos de car\\u00e1cter personal proporcionados por nuestros usuarios.<\\\/p>\\n\\n  \n\n<p>De conformidad con lo dispuesto en el <strong>Reglamento 2016\\\/679 del Parlamento Europeo y del Consejo de 27 de abril de 2016<\\\/strong>, de Protecci\\u00f3n de Datos de Car\\u00e1cter Personal y la <strong>LOPD<\\\/strong>, le informamos que los datos personales facilitados a trav\\u00e9s de los formularios de esta Web o mediante mensajes de correo electr\\u00f3nico podr\\u00e1n ser incorporados en nuestros ficheros, en concreto los denominados <em>\\u00abClientes y\\\/o Proveedores\\u00bb<\\\/em> y <em>\\u201cN\\u00f3minas \\u2013 Recursos Humanos\\u201d<\\\/em>, y ser\\u00e1n tratados de manera automatizada.<\\\/p>\\n\\n  \n\n<p>Mediante el env\\u00edo de los formularios existentes en esta Web, el remitente da su consentimiento para ser incluido en los mencionados ficheros.<\\\/p>\\n\\n  \n\n<p>As\\u00ed mismo, le comunicamos que desde esta Web se podr\\u00e1n recoger direcciones IP de los usuarios, las cuales ser\\u00e1n igualmente tratadas de acuerdo a la normativa vigente.<\\\/p>\\n\\n  \n\n<p>Las finalidades de estos ficheros son: <strong>Gesti\\u00f3n de Clientes, Contable, Fiscal y Administrativa<\\\/strong> y <strong>Gesti\\u00f3n del departamento de Recursos Humanos<\\\/strong>. Todos los ficheros han sido debidamente registrados en la Agencia Espa\\u00f1ola de Protecci\\u00f3n de Datos.<\\\/p>\\n\\n  \n\n<p>Sus datos podr\\u00e1n ser cedidos, siempre protegiendo los datos adecuadamente, a:<\\\/p>\\n  \n\n<ul>\\n    \n\n<li>Organizaciones o Personas Directamente Relacionadas con el Responsable<\\\/li>\\n    \n\n<li>Administraci\\u00f3n Tributaria<\\\/li>\\n    \n\n<li>Bancos, Cajas de Ahorros y Cajas Rurales<\\\/li>\\n  <\\\/ul>\\n\\n  \n\n<p>Los datos proporcionados se conservar\\u00e1n mientras se mantenga la relaci\\u00f3n comercial o durante los a\\u00f1os necesarios para cumplir con las obligaciones legales.<\\\/p>\\n\\n  \n\n<p><strong>FA Abogados<\\\/strong> respetar\\u00e1 en todo momento la confidencialidad de sus datos, conforme al <strong>Reglamento 2016\\\/679<\\\/strong> y la <strong>LOPD<\\\/strong>.<\\\/p>\\n\\n  \n\n<p>En cualquier momento puede usted ejercer sus derechos de <strong>oposici\\u00f3n, acceso, rectificaci\\u00f3n, cancelaci\\u00f3n<\\\/strong> y <strong>oposici\\u00f3n<\\\/strong> de su autorizaci\\u00f3n sin efectos retroactivos en los t\\u00e9rminos especificados en el Reglamento 2016\\\/679 y la LOPD, conforme al procedimiento legalmente establecido.<\\\/p>\\n\\n  \n\n<p>Estos derechos podr\\u00e1n ser ejercidos dirigi\\u00e9ndose por correo electr\\u00f3nico a <a href=\\\"mailto:moc.sodagoba-af@ofni\\\">moc.sodagoba-af@ofni<\\\/a> o llamando al <strong>633 35 72 07<\\\/strong>.<\\\/p>\",\"margin\":\"default\"}}]}]},{\"type\":\"row\",\"children\":[{\"type\":\"column\",\"props\":{\"image_position\":\"center-center\",\"position_sticky_breakpoint\":\"m\"},\"children\":[{\"type\":\"divider\",\"props\":{\"divider_element\":\"hr\",\"divider_style\":\"icon\"}}]}]}]}],\"version\":\"4.5.15\"} --><\/p>\n","protected":false},"excerpt":{"rendered":"<p>Pol\u00edtica de Privacidad &#8211; Protecci\u00f3n de Datos En esta Web, propiedad de FA Abogados (ANTONIO JESUS FERNANDEZ ALVAREZ), aseguramos la total protecci\u00f3n de los datos de car\u00e1cter personal proporcionados por nuestros usuarios. De conformidad con lo dispuesto en el Reglamento 2016\/679 del Parlamento Europeo y del Consejo de 27 de abril de 2016, de Protecci\u00f3n [&hellip;]<\/p>\n","protected":false},"author":1,"featured_media":0,"parent":0,"menu_order":0,"comment_status":"closed","ping_status":"closed","template":"","meta":{"_acf_changed":false,"footnotes":""},"class_list":["post-2219","page","type-page","status-publish","hentry"],"acf":[],"yoast_head":"<!-- This site is optimized with the Yoast SEO plugin v27.5 - https:\/\/yoast.com\/product\/yoast-seo-wordpress\/ -->\n<title>Pol\u00edtica de Protecci\u00f3n de Datos - FA Abogados<\/title>\n<meta name=\"robots\" content=\"noindex, nofollow\" \/>\n<meta property=\"og:locale\" content=\"en_GB\" \/>\n<meta property=\"og:type\" content=\"article\" \/>\n<meta property=\"og:title\" content=\"Pol\u00edtica de Protecci\u00f3n de Datos - FA Abogados\" \/>\n<meta property=\"og:description\" content=\"Pol\u00edtica de Privacidad &#8211; Protecci\u00f3n de Datos En esta Web, propiedad de FA Abogados (ANTONIO JESUS FERNANDEZ ALVAREZ), aseguramos la total protecci\u00f3n de los datos de car\u00e1cter personal proporcionados por nuestros usuarios. De conformidad con lo dispuesto en el Reglamento 2016\/679 del Parlamento Europeo y del Consejo de 27 de abril de 2016, de Protecci\u00f3n [&hellip;]\" \/>\n<meta property=\"og:url\" content=\"https:\/\/fyabogados.com\/en\/politica-de-proteccion-de-datos\/\" \/>\n<meta property=\"og:site_name\" content=\"FA Abogados\" \/>\n<meta property=\"article:modified_time\" content=\"2025-05-01T08:58:16+00:00\" \/>\n<meta name=\"twitter:card\" content=\"summary_large_image\" \/>\n<meta name=\"twitter:label1\" content=\"Estimated reading time\" \/>\n\t<meta name=\"twitter:data1\" content=\"2 minutes\" \/>\n<script type=\"application\/ld+json\" class=\"yoast-schema-graph\">{\"@context\":\"https:\\\/\\\/schema.org\",\"@graph\":[{\"@type\":\"WebPage\",\"@id\":\"https:\\\/\\\/fyabogados.com\\\/politica-de-proteccion-de-datos\\\/\",\"url\":\"https:\\\/\\\/fyabogados.com\\\/politica-de-proteccion-de-datos\\\/\",\"name\":\"Pol\u00edtica de Protecci\u00f3n de Datos - FA Abogados\",\"isPartOf\":{\"@id\":\"https:\\\/\\\/fyabogados.com\\\/#website\"},\"datePublished\":\"2025-05-01T08:56:20+00:00\",\"dateModified\":\"2025-05-01T08:58:16+00:00\",\"breadcrumb\":{\"@id\":\"https:\\\/\\\/fyabogados.com\\\/politica-de-proteccion-de-datos\\\/#breadcrumb\"},\"inLanguage\":\"en-GB\",\"potentialAction\":[{\"@type\":\"ReadAction\",\"target\":[\"https:\\\/\\\/fyabogados.com\\\/politica-de-proteccion-de-datos\\\/\"]}]},{\"@type\":\"BreadcrumbList\",\"@id\":\"https:\\\/\\\/fyabogados.com\\\/politica-de-proteccion-de-datos\\\/#breadcrumb\",\"itemListElement\":[{\"@type\":\"ListItem\",\"position\":1,\"name\":\"Home\",\"item\":\"https:\\\/\\\/fyabogados.com\\\/\"},{\"@type\":\"ListItem\",\"position\":2,\"name\":\"Pol\u00edtica de Protecci\u00f3n de Datos\"}]},{\"@type\":\"WebSite\",\"@id\":\"https:\\\/\\\/fyabogados.com\\\/#website\",\"url\":\"https:\\\/\\\/fyabogados.com\\\/\",\"name\":\"FA Abogados\",\"description\":\"Los mejores abogados de Marbella\",\"publisher\":{\"@id\":\"https:\\\/\\\/fyabogados.com\\\/#organization\"},\"potentialAction\":[{\"@type\":\"SearchAction\",\"target\":{\"@type\":\"EntryPoint\",\"urlTemplate\":\"https:\\\/\\\/fyabogados.com\\\/?s={search_term_string}\"},\"query-input\":{\"@type\":\"PropertyValueSpecification\",\"valueRequired\":true,\"valueName\":\"search_term_string\"}}],\"inLanguage\":\"en-GB\"},{\"@type\":\"Organization\",\"@id\":\"https:\\\/\\\/fyabogados.com\\\/#organization\",\"name\":\"FA Abogados\",\"url\":\"https:\\\/\\\/fyabogados.com\\\/\",\"logo\":{\"@type\":\"ImageObject\",\"inLanguage\":\"en-GB\",\"@id\":\"https:\\\/\\\/fyabogados.com\\\/#\\\/schema\\\/logo\\\/image\\\/\",\"url\":\"https:\\\/\\\/fyabogados.com\\\/wp-content\\\/uploads\\\/2025\\\/05\\\/fa-abogados-95px.png\",\"contentUrl\":\"https:\\\/\\\/fyabogados.com\\\/wp-content\\\/uploads\\\/2025\\\/05\\\/fa-abogados-95px.png\",\"width\":95,\"height\":95,\"caption\":\"FA Abogados\"},\"image\":{\"@id\":\"https:\\\/\\\/fyabogados.com\\\/#\\\/schema\\\/logo\\\/image\\\/\"}}]}<\/script>\n<!-- \/ Yoast SEO plugin. -->","yoast_head_json":{"title":"Pol\u00edtica de Protecci\u00f3n de Datos - FA Abogados","robots":{"index":"noindex","follow":"nofollow"},"og_locale":"en_GB","og_type":"article","og_title":"Pol\u00edtica de Protecci\u00f3n de Datos - FA Abogados","og_description":"Pol\u00edtica de Privacidad &#8211; Protecci\u00f3n de Datos En esta Web, propiedad de FA Abogados (ANTONIO JESUS FERNANDEZ ALVAREZ), aseguramos la total protecci\u00f3n de los datos de car\u00e1cter personal proporcionados por nuestros usuarios. De conformidad con lo dispuesto en el Reglamento 2016\/679 del Parlamento Europeo y del Consejo de 27 de abril de 2016, de Protecci\u00f3n [&hellip;]","og_url":"https:\/\/fyabogados.com\/en\/politica-de-proteccion-de-datos\/","og_site_name":"FA Abogados","article_modified_time":"2025-05-01T08:58:16+00:00","twitter_card":"summary_large_image","twitter_misc":{"Estimated reading time":"2 minutes"},"schema":{"@context":"https:\/\/schema.org","@graph":[{"@type":"WebPage","@id":"https:\/\/fyabogados.com\/politica-de-proteccion-de-datos\/","url":"https:\/\/fyabogados.com\/politica-de-proteccion-de-datos\/","name":"Pol\u00edtica de Protecci\u00f3n de Datos - FA Abogados","isPartOf":{"@id":"https:\/\/fyabogados.com\/#website"},"datePublished":"2025-05-01T08:56:20+00:00","dateModified":"2025-05-01T08:58:16+00:00","breadcrumb":{"@id":"https:\/\/fyabogados.com\/politica-de-proteccion-de-datos\/#breadcrumb"},"inLanguage":"en-GB","potentialAction":[{"@type":"ReadAction","target":["https:\/\/fyabogados.com\/politica-de-proteccion-de-datos\/"]}]},{"@type":"BreadcrumbList","@id":"https:\/\/fyabogados.com\/politica-de-proteccion-de-datos\/#breadcrumb","itemListElement":[{"@type":"ListItem","position":1,"name":"Home","item":"https:\/\/fyabogados.com\/"},{"@type":"ListItem","position":2,"name":"Pol\u00edtica de Protecci\u00f3n de Datos"}]},{"@type":"WebSite","@id":"https:\/\/fyabogados.com\/#website","url":"https:\/\/fyabogados.com\/","name":"FA Lawyers","description":"Los mejores abogados de Marbella","publisher":{"@id":"https:\/\/fyabogados.com\/#organization"},"potentialAction":[{"@type":"SearchAction","target":{"@type":"EntryPoint","urlTemplate":"https:\/\/fyabogados.com\/?s={search_term_string}"},"query-input":{"@type":"PropertyValueSpecification","valueRequired":true,"valueName":"search_term_string"}}],"inLanguage":"en-GB"},{"@type":"Organization","@id":"https:\/\/fyabogados.com\/#organization","name":"FA Lawyers","url":"https:\/\/fyabogados.com\/","logo":{"@type":"ImageObject","inLanguage":"en-GB","@id":"https:\/\/fyabogados.com\/#\/schema\/logo\/image\/","url":"https:\/\/fyabogados.com\/wp-content\/uploads\/2025\/05\/fa-abogados-95px.png","contentUrl":"https:\/\/fyabogados.com\/wp-content\/uploads\/2025\/05\/fa-abogados-95px.png","width":95,"height":95,"caption":"FA Abogados"},"image":{"@id":"https:\/\/fyabogados.com\/#\/schema\/logo\/image\/"}}]}},"_links":{"self":[{"href":"https:\/\/fyabogados.com\/en\/wp-json\/wp\/v2\/pages\/2219","targetHints":{"allow":["GET"]}}],"collection":[{"href":"https:\/\/fyabogados.com\/en\/wp-json\/wp\/v2\/pages"}],"about":[{"href":"https:\/\/fyabogados.com\/en\/wp-json\/wp\/v2\/types\/page"}],"author":[{"embeddable":true,"href":"https:\/\/fyabogados.com\/en\/wp-json\/wp\/v2\/users\/1"}],"replies":[{"embeddable":true,"href":"https:\/\/fyabogados.com\/en\/wp-json\/wp\/v2\/comments?post=2219"}],"version-history":[{"count":5,"href":"https:\/\/fyabogados.com\/en\/wp-json\/wp\/v2\/pages\/2219\/revisions"}],"predecessor-version":[{"id":2227,"href":"https:\/\/fyabogados.com\/en\/wp-json\/wp\/v2\/pages\/2219\/revisions\/2227"}],"wp:attachment":[{"href":"https:\/\/fyabogados.com\/en\/wp-json\/wp\/v2\/media?parent=2219"}],"curies":[{"name":"wp","href":"https:\/\/api.w.org\/{rel}","templated":true}]}}